{"id":2801,"date":"2025-11-08T17:45:40","date_gmt":"2025-11-08T16:45:40","guid":{"rendered":"https:\/\/misskick.ch\/2026\/?page_id=2801"},"modified":"2025-11-08T17:45:40","modified_gmt":"2025-11-08T16:45:40","slug":"das-klassement-unserer-ersten-ff17-meisterschaft-11er-fussball","status":"publish","type":"page","link":"https:\/\/misskick.ch\/2026\/das-klassement-unserer-ersten-ff17-meisterschaft-11er-fussball\/","title":{"rendered":"Das Klassement unserer ersten FF17 Meisterschaft (11er Fussball)"},"content":{"rendered":"\n<p>Fussball &#8211; was w\u00e4re gewesen wenn &#8230; aber eben das geh\u00f6rt zu Fussball und zur Weiterentwicklung des Teams.<\/p>\n\n\n\n<figure class=\"wp-block-image size-large\"><img decoding=\"async\" width=\"1024\" height=\"454\" data-src=\"https:\/\/misskick.ch\/2026\/wp-content\/uploads\/2025\/11\/2025-11-08-16_49_34-2025-11-08-16_43_13-sitzplaetze.xlsx-Excel.png-Greenshot-Editor-1024x454.png\" alt=\"\" class=\"wp-image-2802 lazyload\" data-srcset=\"https:\/\/misskick.ch\/2026\/wp-content\/uploads\/2025\/11\/2025-11-08-16_49_34-2025-11-08-16_43_13-sitzplaetze.xlsx-Excel.png-Greenshot-Editor-1024x454.png 1024w, https:\/\/misskick.ch\/2026\/wp-content\/uploads\/2025\/11\/2025-11-08-16_49_34-2025-11-08-16_43_13-sitzplaetze.xlsx-Excel.png-Greenshot-Editor-300x133.png 300w, https:\/\/misskick.ch\/2026\/wp-content\/uploads\/2025\/11\/2025-11-08-16_49_34-2025-11-08-16_43_13-sitzplaetze.xlsx-Excel.png-Greenshot-Editor-768x341.png 768w, https:\/\/misskick.ch\/2026\/wp-content\/uploads\/2025\/11\/2025-11-08-16_49_34-2025-11-08-16_43_13-sitzplaetze.xlsx-Excel.png-Greenshot-Editor.png 1233w\" data-sizes=\"(max-width: 1024px) 100vw, 1024px\" src=\"data:image\/svg+xml;base64,PHN2ZyB3aWR0aD0iMSIgaGVpZ2h0PSIxIiB4bWxucz0iaHR0cDovL3d3dy53My5vcmcvMjAwMC9zdmciPjwvc3ZnPg==\" style=\"--smush-placeholder-width: 1024px; --smush-placeholder-aspect-ratio: 1024\/454;\" \/><\/figure>\n\n\n\n<p>Das Ganze ist knapp!<\/p>\n\n\n\n<p>Um auf Platz 3 vorzur\u00fccken, dank weniger Strafpunkte als Allschwil, h\u00e4tten wir z.B. einen Sieg gegen Concordia (0:1 verloren) und gegen Allschwil (0:1 verloren) ben\u00f6tigt.<\/p>\n\n\n\n<p>Jetzt betrachten wir die Tabelle mit Fakten und der Teams aus der letzten Saison:<\/p>\n\n\n\n<ul class=\"wp-block-list\">\n<li>Der SV Muttenz spielte in der 1ten St\u00e4rkeklasse der damaligen FF-19 Meisterschaft (also drei Levels h\u00f6her)<\/li>\n\n\n\n<li>Der SC Binningen spielte in der FF-19 Meisterschaft und FF-15 1ten St\u00e4rkeklasse (also zwei Levels h\u00f6her)<\/li>\n\n\n\n<li>Der FC Allschwil konnte sich mit 2., 4. Liga und FCB Fussballerinnen verst\u00e4rken (gleicher Level aber neu verst\u00e4rkt)<\/li>\n<\/ul>\n\n\n\n<p>Unser Team BSC Old Boys FF17 Schwarz spielte letzte Saison noch in der FF-15 2ten St\u00e4rkeklasse! <\/p>\n\n\n\n<p>Dies bedeutet, dass wir als ehemaliges FF15-Team aus der zweiten St\u00e4rkeklasse &#8211; alle \u00fcbrigen Teams hinter uns gelassen haben, wir Arlesheim, AS Timau, SC Steinen und Concordia Basel. Weitere Teams aus der gleichen Stufe wie der FC Reinach und FC Telegraph Basel konnten wir auch besiegen.<\/p>\n\n\n\n<p>\ud83d\udc9b\ud83d\udda4\ud83e\udd47\u27a1\ufe0f Sp\u00e4testens jetzt sollte allen klar sein, welche Riesenleistung ihr gemeinsam geschafft habt \u2013 und wie viel Potenzial, Wille und Teamgeist in dieser Mannschaft steckt.<\/p>\n","protected":false},"excerpt":{"rendered":"<p>Fussball &#8211; was w\u00e4re gewesen wenn &#8230; aber eben das geh\u00f6rt zu Fussball und zur..<\/p>\n","protected":false},"author":1,"featured_media":2806,"parent":0,"menu_order":0,"comment_status":"closed","ping_status":"closed","template":"","meta":{"footnotes":""},"class_list":["post-2801","page","type-page","status-publish","has-post-thumbnail","hentry"],"_links":{"self":[{"href":"https:\/\/misskick.ch\/2026\/wp-json\/wp\/v2\/pages\/2801","targetHints":{"allow":["GET"]}}],"collection":[{"href":"https:\/\/misskick.ch\/2026\/wp-json\/wp\/v2\/pages"}],"about":[{"href":"https:\/\/misskick.ch\/2026\/wp-json\/wp\/v2\/types\/page"}],"author":[{"embeddable":true,"href":"https:\/\/misskick.ch\/2026\/wp-json\/wp\/v2\/users\/1"}],"replies":[{"embeddable":true,"href":"https:\/\/misskick.ch\/2026\/wp-json\/wp\/v2\/comments?post=2801"}],"version-history":[{"count":3,"href":"https:\/\/misskick.ch\/2026\/wp-json\/wp\/v2\/pages\/2801\/revisions"}],"predecessor-version":[{"id":2807,"href":"https:\/\/misskick.ch\/2026\/wp-json\/wp\/v2\/pages\/2801\/revisions\/2807"}],"wp:featuredmedia":[{"embeddable":true,"href":"https:\/\/misskick.ch\/2026\/wp-json\/wp\/v2\/media\/2806"}],"wp:attachment":[{"href":"https:\/\/misskick.ch\/2026\/wp-json\/wp\/v2\/media?parent=2801"}],"curies":[{"name":"wp","href":"https:\/\/api.w.org\/{rel}","templated":true}]}}