{"id":1290,"date":"2024-04-14T23:01:52","date_gmt":"2024-04-14T21:01:52","guid":{"rendered":"https:\/\/misskick.ch\/2024\/?page_id=1290"},"modified":"2024-07-02T11:06:20","modified_gmt":"2024-07-02T09:06:20","slug":"coaching","status":"publish","type":"page","link":"https:\/\/misskick.ch\/2024\/coaching\/","title":{"rendered":"Die Philosophie"},"content":{"rendered":"\n<div class=\"wp-block-cover is-light\"><span aria-hidden=\"true\" class=\"wp-block-cover__background has-background-dim\" style=\"background-color:#eaeaea\"><\/span><img decoding=\"async\" width=\"640\" height=\"427\" class=\"wp-block-cover__image-background wp-image-1294 lazyload\" alt=\"\" data-src=\"https:\/\/misskick.ch\/2024\/wp-content\/uploads\/2024\/04\/hands-20333_640.jpg\" data-object-fit=\"cover\" data-srcset=\"https:\/\/misskick.ch\/2024\/wp-content\/uploads\/2024\/04\/hands-20333_640.jpg 640w, https:\/\/misskick.ch\/2024\/wp-content\/uploads\/2024\/04\/hands-20333_640-300x200.jpg 300w\" data-sizes=\"(max-width: 640px) 100vw, 640px\" src=\"data:image\/svg+xml;base64,PHN2ZyB3aWR0aD0iMSIgaGVpZ2h0PSIxIiB4bWxucz0iaHR0cDovL3d3dy53My5vcmcvMjAwMC9zdmciPjwvc3ZnPg==\" style=\"--smush-placeholder-width: 640px; --smush-placeholder-aspect-ratio: 640\/427;\" \/><div class=\"wp-block-cover__inner-container is-layout-constrained wp-block-cover-is-layout-constrained\">\n<p class=\"has-text-align-center has-large-font-size\">Das grosse Bild Puzzle-St\u00fcck <br>um Puzzle-St\u00fcck aufbauen.<\/p>\n<\/div><\/div>\n\n\n\n<p class=\"has-medium-font-size\">Die Juniorinnen, die ich coachen darf &#8230;<\/p>\n\n\n\n<ul class=\"wp-block-list\">\n<li class=\"has-medium-font-size\">sollen Spass beim Training haben und dabei Lernen<\/li>\n\n\n\n<li class=\"has-medium-font-size\">sp\u00fcren, dass ich sie als Person ernst nehme und respektiere<\/li>\n\n\n\n<li class=\"has-medium-font-size\">merken, dass wir einander Vertrauen k\u00f6nnen<\/li>\n\n\n\n<li class=\"has-medium-font-size\">und auf gemeinsame realistische Ziele arbeiten<\/li>\n\n\n\n<li class=\"has-medium-font-size\">selber mutig Neues versuchen<\/li>\n\n\n\n<li class=\"has-medium-font-size\">entdecken, dass sie besser werden<\/li>\n\n\n\n<li class=\"has-medium-font-size\">Tipps oder Kritik positiv aufnehmen<\/li>\n<\/ul>\n\n\n\n<p class=\"has-medium-font-size\">Jede Fussballerin leistet noch mehr, wenn Spass dabei ist. Nur so kann sie gesund, schnell, anhaltend wachsen und immer wieder \u00fcber neue Limits gehen. Eine Niederlage wird als Erfahrung wahrgenommen, sie motiviert aus Fehlern zu lernen und wird nicht als Katastrophe gewertet.<\/p>\n\n\n\n<p class=\"has-medium-font-size\">Die Art und Weise wie ich coache, scheint nicht immer kompatibel zu sein mit Wunsch-Vorstellungen anderer. Diese blenden v\u00f6llig ab, dass gem\u00e4ss Richtlinien des Schweizerischen Fussballverband auf FF15 Stufe, die Ausbildung im Vordergrund steht und nicht prim\u00e4r das Resultat (nat\u00fcrlich ist das Resultat auch wichtig).<\/p>\n\n\n\n<p class=\"has-medium-font-size\">Aber, liebe Freunde, die Freude, der Zusammenhalt, die St\u00e4rke, das Wachsen, die gegenseitige Vertrauensbasis und der Erfolg der Girls sind wichtiger. Dazu habe ich mich seit der ersten Sekunde verpflichtet. Daher kann ich nichts anderes als authentisch bleiben und freue mich zusammen mit den Eltern und weiterer Menschen \u00fcber jede Sekunde, dieser einzigartigen &#8222;Geschichte&#8220;. <\/p>\n\n\n\n<p class=\"has-medium-font-size\">In meinem Herzen bin ich auch \u00fcberzeugt, dass meine Girls entscheidende Erfahrungsmomente und fundamentale Werte f\u00fcr Ihr weiteres pers\u00f6nliches, Familien- und Berufs-Leben mitnehmen werden.<\/p>\n\n\n\n<figure class=\"wp-block-image size-large\"><img decoding=\"async\" width=\"1024\" height=\"768\" data-src=\"https:\/\/misskick.ch\/2024\/wp-content\/uploads\/2024\/04\/Coaching-1024x768.jpg\" alt=\"\" class=\"wp-image-1393 lazyload\" data-srcset=\"https:\/\/misskick.ch\/2024\/wp-content\/uploads\/2024\/04\/Coaching-1024x768.jpg 1024w, https:\/\/misskick.ch\/2024\/wp-content\/uploads\/2024\/04\/Coaching-300x225.jpg 300w, https:\/\/misskick.ch\/2024\/wp-content\/uploads\/2024\/04\/Coaching-768x576.jpg 768w, https:\/\/misskick.ch\/2024\/wp-content\/uploads\/2024\/04\/Coaching-1536x1152.jpg 1536w, https:\/\/misskick.ch\/2024\/wp-content\/uploads\/2024\/04\/Coaching-1218x914.jpg 1218w, https:\/\/misskick.ch\/2024\/wp-content\/uploads\/2024\/04\/Coaching-880x660.jpg 880w, https:\/\/misskick.ch\/2024\/wp-content\/uploads\/2024\/04\/Coaching.jpg 2048w\" data-sizes=\"(max-width: 1024px) 100vw, 1024px\" src=\"data:image\/svg+xml;base64,PHN2ZyB3aWR0aD0iMSIgaGVpZ2h0PSIxIiB4bWxucz0iaHR0cDovL3d3dy53My5vcmcvMjAwMC9zdmciPjwvc3ZnPg==\" style=\"--smush-placeholder-width: 1024px; --smush-placeholder-aspect-ratio: 1024\/768;\" \/><\/figure>\n\n\n\n<p class=\"has-medium-font-size\">Falls du Juniorinnen-Coach werden willst, musst du folgendes als Coach wissen und leben!<\/p>\n\n\n\n<ul class=\"wp-block-list\">\n<li class=\"has-medium-font-size\">Es ist kein Wettkampf &#8211; Es ist eine Reise!<\/li>\n\n\n\n<li class=\"has-medium-font-size\">Du musst Geduld mitbringen.<\/li>\n\n\n\n<li class=\"has-medium-font-size\">Jede Spielerin hat ihre eigene Geschichte und entwickelt sich anders.<\/li>\n\n\n\n<li class=\"has-medium-font-size\">Jede Spielerin hat ihre St\u00e4rken &#8211; hilf ihr darin noch besser zu werden und festige diese St\u00e4rken.<\/li>\n\n\n\n<li class=\"has-medium-font-size\">Jede Spielerin hat auch ihre Schw\u00e4chen &#8211; hilf ihr zu entdecken, wie sie ihre Schw\u00e4chen besiegen kann.<\/li>\n\n\n\n<li class=\"has-medium-font-size\">Die Spielerin soll sich mit sich selbst messen, um eine bessere Spielerin und auch ein Vorbild zu werden.<\/li>\n\n\n\n<li class=\"has-medium-font-size\">Sie soll von sich aus wagen, aus ihre Komfortzone zu gehen.<\/li>\n\n\n\n<li class=\"has-medium-font-size\">Sie soll zu Erfolge kommen, aber auch aus Misserfolgen lernen.<\/li>\n\n\n\n<li class=\"has-medium-font-size\">Respektiere jede Spielerin und nehme ein Feedback als Geschenk, denn auch sie haben gute Ideen!<\/li>\n\n\n\n<li class=\"has-medium-font-size\">Und du musst deine Trainings vorbereiten, denn sie m\u00f6chten gef\u00f6rdert werden und sind fordernd.<\/li>\n<\/ul>\n","protected":false},"excerpt":{"rendered":"<p>Die Juniorinnen, die ich coachen darf &#8230; Jede Fussballerin leistet noch mehr, wenn Spass dabei..<\/p>\n","protected":false},"author":1,"featured_media":0,"parent":0,"menu_order":0,"comment_status":"closed","ping_status":"closed","template":"","meta":{"footnotes":""},"class_list":["post-1290","page","type-page","status-publish","hentry"],"_links":{"self":[{"href":"https:\/\/misskick.ch\/2024\/wp-json\/wp\/v2\/pages\/1290","targetHints":{"allow":["GET"]}}],"collection":[{"href":"https:\/\/misskick.ch\/2024\/wp-json\/wp\/v2\/pages"}],"about":[{"href":"https:\/\/misskick.ch\/2024\/wp-json\/wp\/v2\/types\/page"}],"author":[{"embeddable":true,"href":"https:\/\/misskick.ch\/2024\/wp-json\/wp\/v2\/users\/1"}],"replies":[{"embeddable":true,"href":"https:\/\/misskick.ch\/2024\/wp-json\/wp\/v2\/comments?post=1290"}],"version-history":[{"count":21,"href":"https:\/\/misskick.ch\/2024\/wp-json\/wp\/v2\/pages\/1290\/revisions"}],"predecessor-version":[{"id":2106,"href":"https:\/\/misskick.ch\/2024\/wp-json\/wp\/v2\/pages\/1290\/revisions\/2106"}],"wp:attachment":[{"href":"https:\/\/misskick.ch\/2024\/wp-json\/wp\/v2\/media?parent=1290"}],"curies":[{"name":"wp","href":"https:\/\/api.w.org\/{rel}","templated":true}]}}